{"id":15,"date":"2024-07-01T17:13:57","date_gmt":"2024-07-01T17:13:57","guid":{"rendered":"https:\/\/meblefit.pl\/?page_id=15"},"modified":"2024-11-27T21:03:05","modified_gmt":"2024-11-27T21:03:05","slug":"o-nas","status":"publish","type":"page","link":"https:\/\/meblefit.pl\/?page_id=15","title":{"rendered":"O nas"},"content":{"rendered":"\n<p class=\"has-text-align-left\">Witamy w Meble Fit \u2013 Twoim partnerze w tworzeniu unikalnych przestrzeni! Nasza pasja do stolarstwa oraz profesjonalne podej\u015bcie do ka\u017cdego projektu sprawiaj\u0105, \u017ce jeste\u015bmy w stanie zrealizowa\u0107 nawet najbardziej wymagaj\u0105ce wizje naszych klient\u00f3w.<br>Oferujemy szeroki zakres us\u0142ug zwi\u0105zanych z produkcj\u0105 mebli na wymiar, kt\u00f3re s\u0105 nie tylko funkcjonalne, ale r\u00f3wnie\u017c doskonale dopasowane do indywidualnego stylu i charakteru wn\u0119trza. Dzi\u0119ki wsp\u00f3\u0142pracy z do\u015bwiadczonym zespo\u0142em specjalist\u00f3w, ka\u017cdy etap realizacji \u2013 od pomys\u0142u, przez projekt, a\u017c po wykonanie \u2013 przebiega sprawnie i z dba\u0142o\u015bci\u0105 o najdrobniejsze detale.<br>Zaufa\u0142o nam ju\u017c wielu klient\u00f3w, kt\u00f3rzy doceniaj\u0105 nasze podej\u015bcie oparte na rzetelno\u015bci oraz kreatywno\u015bci. Dzi\u0119ki elastyczno\u015bci, kt\u00f3r\u0105 oferujemy, jeste\u015bmy w stanie sprosta\u0107 r\u00f3\u017cnorodnym potrzebom, zapewniaj\u0105c jednocze\u015bnie pe\u0142ne wsparcie na ka\u017cdym etapie wsp\u00f3\u0142pracy. Naszym celem jest nie tylko dostarczenie wysokiej jako\u015bci mebli, ale tak\u017ce budowanie d\u0142ugotrwa\u0142ych relacji z naszymi klientami.<br>Oferuj\u0105c meble na wymiar, kt\u00f3re \u0142\u0105cz\u0105 w sobie estetyk\u0119, funkcjonalno\u015b\u0107 i trwa\u0142o\u015b\u0107, przyczyniamy si\u0119 do realizacji Twoich marze\u0144 o idealnym wn\u0119trzu. Satysfakcja naszych klient\u00f3w jest dla nas priorytetem, a ich pozytywne opinie s\u0105 najlepszym potwierdzeniem jako\u015bci naszych us\u0142ug.<br>Zapraszamy do kontaktu i wsp\u00f3lnej pracy nad Twoim projektem!<\/p>\n","protected":false},"excerpt":{"rendered":"<p>Witamy w Meble Fit \u2013 Twoim partnerze w tworzeniu unikalnych przestrzeni! Nasza pasja do stolarstwa oraz profesjonalne podej\u015bcie do ka\u017cdego projektu sprawiaj\u0105, \u017ce jeste\u015bmy w stanie zrealizowa\u0107 nawet najbardziej wymagaj\u0105ce wizje naszych klient\u00f3w.Oferujemy szeroki zakres us\u0142ug zwi\u0105zanych z produkcj\u0105 mebli na wymiar, kt\u00f3re s\u0105 nie tylko funkcjonalne, ale r\u00f3wnie\u017c doskonale dopasowane do indywidualnego stylu i [&hellip;]<\/p>\n","protected":false},"author":1,"featured_media":0,"parent":0,"menu_order":0,"comment_status":"closed","ping_status":"closed","template":"","meta":{"footnotes":""},"class_list":["post-15","page","type-page","status-publish","hentry"],"_links":{"self":[{"href":"https:\/\/meblefit.pl\/index.php?rest_route=\/wp\/v2\/pages\/15","targetHints":{"allow":["GET"]}}],"collection":[{"href":"https:\/\/meblefit.pl\/index.php?rest_route=\/wp\/v2\/pages"}],"about":[{"href":"https:\/\/meblefit.pl\/index.php?rest_route=\/wp\/v2\/types\/page"}],"author":[{"embeddable":true,"href":"https:\/\/meblefit.pl\/index.php?rest_route=\/wp\/v2\/users\/1"}],"replies":[{"embeddable":true,"href":"https:\/\/meblefit.pl\/index.php?rest_route=%2Fwp%2Fv2%2Fcomments&post=15"}],"version-history":[{"count":4,"href":"https:\/\/meblefit.pl\/index.php?rest_route=\/wp\/v2\/pages\/15\/revisions"}],"predecessor-version":[{"id":120,"href":"https:\/\/meblefit.pl\/index.php?rest_route=\/wp\/v2\/pages\/15\/revisions\/120"}],"wp:attachment":[{"href":"https:\/\/meblefit.pl\/index.php?rest_route=%2Fwp%2Fv2%2Fmedia&parent=15"}],"curies":[{"name":"wp","href":"https:\/\/api.w.org\/{rel}","templated":true}]}}